{"id":7706,"date":"2019-08-05T12:38:47","date_gmt":"2019-08-05T12:38:47","guid":{"rendered":"https:\/\/whoccworkforce.ihmtstaging.wpengine.com\/?page_id=7706"},"modified":"2020-12-11T13:25:01","modified_gmt":"2020-12-11T13:25:01","slug":"actividades","status":"publish","type":"page","link":"https:\/\/whoccworkforce.ihmt.unl.pt\/en\/actividades\/","title":{"rendered":"Actividades"},"content":{"rendered":"<p><!-- VideographyWP Plugin Message: Automatic video embedding prevented by plugin options. --><br \/>\nO Centro Colaborador desenvolve atividades, nomeadamente, nas seguintes \u00e1reas:<\/p>\n<ul>\n<li>Sa\u00fade Digital;<\/li>\n<li>Planeamento de Recursos Humanos em Sa\u00fade<\/li>\n<li>Pol\u00edticas de Recursos Humanos em Sa\u00fade<\/li>\n<li>An\u00e1lise da For\u00e7a de Trabalho em Sa\u00fade<\/li>\n<li>Forma\u00e7\u00e3o e Capacita\u00e7\u00e3o da For\u00e7a de Trabalho em Sa\u00fade<\/li>\n<\/ul>","protected":false},"excerpt":{"rendered":"<p>O Centro Colaborador desenvolve atividades, nomeadamente, nas seguintes \u00e1reas: Sa\u00fade Digital; Planeamento de Recursos Humanos em Sa\u00fade Pol\u00edticas de Recursos Humanos em Sa\u00fade An\u00e1lise da For\u00e7a de Trabalho em Sa\u00fade Forma\u00e7\u00e3o e Capacita\u00e7\u00e3o da For\u00e7a de Trabalho em Sa\u00fade<br \/><a class=\"more-link\" href=\"https:\/\/whoccworkforce.ihmt.unl.pt\/en\/actividades\/\" title=\"Actividades\">Read More<\/a><\/p>","protected":false},"author":1,"featured_media":0,"parent":0,"menu_order":0,"comment_status":"closed","ping_status":"closed","template":"","meta":{"_acf_changed":false,"_monsterinsights_skip_tracking":false,"_monsterinsights_sitenote_active":false,"_monsterinsights_sitenote_note":"","_monsterinsights_sitenote_category":0,"_genesis_hide_title":false,"_genesis_hide_breadcrumbs":false,"_genesis_hide_singular_image":false,"_genesis_hide_footer_widgets":false,"_genesis_custom_body_class":"","_genesis_custom_post_class":"","_genesis_layout":"full-width-content","footnotes":""},"class_list":{"0":"post-7706","1":"page","2":"type-page","3":"status-publish","5":"entry","6":"gs-1","7":"gs-odd","8":"gs-even","9":"gs-featured-content-entry"},"acf":[],"yoast_head":"<!-- This site is optimized with the Yoast SEO plugin v27.2 - https:\/\/yoast.com\/product\/yoast-seo-wordpress\/ -->\n<title>Actividades - WHOCC<\/title>\n<meta name=\"robots\" content=\"index, follow, max-snippet:-1, max-image-preview:large, max-video-preview:-1\" \/>\n<link rel=\"canonical\" href=\"https:\/\/whoccworkforce.ihmt.unl.pt\/en\/actividades\/\" \/>\n<meta property=\"og:locale\" content=\"en_GB\" \/>\n<meta property=\"og:type\" content=\"article\" \/>\n<meta property=\"og:title\" content=\"Actividades - WHOCC\" \/>\n<meta property=\"og:description\" content=\"O Centro Colaborador desenvolve atividades, nomeadamente, nas seguintes \u00e1reas: Sa\u00fade Digital; Planeamento de Recursos Humanos em Sa\u00fade Pol\u00edticas de Recursos Humanos em Sa\u00fade An\u00e1lise da For\u00e7a de Trabalho em Sa\u00fade Forma\u00e7\u00e3o e Capacita\u00e7\u00e3o da For\u00e7a de Trabalho em Sa\u00fadeRead More\" \/>\n<meta property=\"og:url\" content=\"https:\/\/whoccworkforce.ihmt.unl.pt\/en\/actividades\/\" \/>\n<meta property=\"og:site_name\" content=\"WHOCC\" \/>\n<meta property=\"article:modified_time\" content=\"2020-12-11T13:25:01+00:00\" \/>\n<meta name=\"twitter:card\" content=\"summary_large_image\" \/>\n<script type=\"application\/ld+json\" class=\"yoast-schema-graph\">{\"@context\":\"https:\/\/schema.org\",\"@graph\":[{\"@type\":\"WebPage\",\"@id\":\"https:\/\/whoccworkforce.ihmt.unl.pt\/actividades\/\",\"url\":\"https:\/\/whoccworkforce.ihmt.unl.pt\/actividades\/\",\"name\":\"Actividades - WHOCC\",\"isPartOf\":{\"@id\":\"https:\/\/whoccworkforce.ihmt.unl.pt\/#website\"},\"datePublished\":\"2019-08-05T12:38:47+00:00\",\"dateModified\":\"2020-12-11T13:25:01+00:00\",\"breadcrumb\":{\"@id\":\"https:\/\/whoccworkforce.ihmt.unl.pt\/actividades\/#breadcrumb\"},\"inLanguage\":\"en-GB\",\"potentialAction\":[{\"@type\":\"ReadAction\",\"target\":[\"https:\/\/whoccworkforce.ihmt.unl.pt\/actividades\/\"]}]},{\"@type\":\"BreadcrumbList\",\"@id\":\"https:\/\/whoccworkforce.ihmt.unl.pt\/actividades\/#breadcrumb\",\"itemListElement\":[{\"@type\":\"ListItem\",\"position\":1,\"name\":\"In\u00edcio\",\"item\":\"https:\/\/whoccworkforce.ihmt.unl.pt\/\"},{\"@type\":\"ListItem\",\"position\":2,\"name\":\"Actividades\"}]},{\"@type\":\"WebSite\",\"@id\":\"https:\/\/whoccworkforce.ihmt.unl.pt\/#website\",\"url\":\"https:\/\/whoccworkforce.ihmt.unl.pt\/\",\"name\":\"WHOCC\",\"description\":\"WHO Colaborating Center\",\"potentialAction\":[{\"@type\":\"SearchAction\",\"target\":{\"@type\":\"EntryPoint\",\"urlTemplate\":\"https:\/\/whoccworkforce.ihmt.unl.pt\/?s={search_term_string}\"},\"query-input\":{\"@type\":\"PropertyValueSpecification\",\"valueRequired\":true,\"valueName\":\"search_term_string\"}}],\"inLanguage\":\"en-GB\"}]}<\/script>\n<!-- \/ Yoast SEO plugin. -->","yoast_head_json":{"title":"Actividades - WHOCC","robots":{"index":"index","follow":"follow","max-snippet":"max-snippet:-1","max-image-preview":"max-image-preview:large","max-video-preview":"max-video-preview:-1"},"canonical":"https:\/\/whoccworkforce.ihmt.unl.pt\/en\/actividades\/","og_locale":"en_GB","og_type":"article","og_title":"Actividades - WHOCC","og_description":"O Centro Colaborador desenvolve atividades, nomeadamente, nas seguintes \u00e1reas: Sa\u00fade Digital; Planeamento de Recursos Humanos em Sa\u00fade Pol\u00edticas de Recursos Humanos em Sa\u00fade An\u00e1lise da For\u00e7a de Trabalho em Sa\u00fade Forma\u00e7\u00e3o e Capacita\u00e7\u00e3o da For\u00e7a de Trabalho em Sa\u00fadeRead More","og_url":"https:\/\/whoccworkforce.ihmt.unl.pt\/en\/actividades\/","og_site_name":"WHOCC","article_modified_time":"2020-12-11T13:25:01+00:00","twitter_card":"summary_large_image","schema":{"@context":"https:\/\/schema.org","@graph":[{"@type":"WebPage","@id":"https:\/\/whoccworkforce.ihmt.unl.pt\/actividades\/","url":"https:\/\/whoccworkforce.ihmt.unl.pt\/actividades\/","name":"Actividades - WHOCC","isPartOf":{"@id":"https:\/\/whoccworkforce.ihmt.unl.pt\/#website"},"datePublished":"2019-08-05T12:38:47+00:00","dateModified":"2020-12-11T13:25:01+00:00","breadcrumb":{"@id":"https:\/\/whoccworkforce.ihmt.unl.pt\/actividades\/#breadcrumb"},"inLanguage":"en-GB","potentialAction":[{"@type":"ReadAction","target":["https:\/\/whoccworkforce.ihmt.unl.pt\/actividades\/"]}]},{"@type":"BreadcrumbList","@id":"https:\/\/whoccworkforce.ihmt.unl.pt\/actividades\/#breadcrumb","itemListElement":[{"@type":"ListItem","position":1,"name":"In\u00edcio","item":"https:\/\/whoccworkforce.ihmt.unl.pt\/"},{"@type":"ListItem","position":2,"name":"Actividades"}]},{"@type":"WebSite","@id":"https:\/\/whoccworkforce.ihmt.unl.pt\/#website","url":"https:\/\/whoccworkforce.ihmt.unl.pt\/","name":"WHOCC","description":"WHO Colaborating Center","potentialAction":[{"@type":"SearchAction","target":{"@type":"EntryPoint","urlTemplate":"https:\/\/whoccworkforce.ihmt.unl.pt\/?s={search_term_string}"},"query-input":{"@type":"PropertyValueSpecification","valueRequired":true,"valueName":"search_term_string"}}],"inLanguage":"en-GB"}]}},"jetpack_sharing_enabled":true,"_links":{"self":[{"href":"https:\/\/whoccworkforce.ihmt.unl.pt\/en\/wp-json\/wp\/v2\/pages\/7706","targetHints":{"allow":["GET"]}}],"collection":[{"href":"https:\/\/whoccworkforce.ihmt.unl.pt\/en\/wp-json\/wp\/v2\/pages"}],"about":[{"href":"https:\/\/whoccworkforce.ihmt.unl.pt\/en\/wp-json\/wp\/v2\/types\/page"}],"author":[{"embeddable":true,"href":"https:\/\/whoccworkforce.ihmt.unl.pt\/en\/wp-json\/wp\/v2\/users\/1"}],"replies":[{"embeddable":true,"href":"https:\/\/whoccworkforce.ihmt.unl.pt\/en\/wp-json\/wp\/v2\/comments?post=7706"}],"version-history":[{"count":0,"href":"https:\/\/whoccworkforce.ihmt.unl.pt\/en\/wp-json\/wp\/v2\/pages\/7706\/revisions"}],"wp:attachment":[{"href":"https:\/\/whoccworkforce.ihmt.unl.pt\/en\/wp-json\/wp\/v2\/media?parent=7706"}],"curies":[{"name":"wp","href":"https:\/\/api.w.org\/{rel}","templated":true}]}}