{"id":7947,"date":"2024-01-17T11:00:29","date_gmt":"2024-01-17T11:00:29","guid":{"rendered":"https:\/\/whoccworkforce.ihmt.unl.pt\/?page_id=7947"},"modified":"2024-01-29T19:02:44","modified_gmt":"2024-01-29T19:02:44","slug":"temas","status":"publish","type":"page","link":"https:\/\/whoccworkforce.ihmt.unl.pt\/en\/temas\/","title":{"rendered":"Themes"},"content":{"rendered":"<p><!-- VideographyWP Plugin Message: Automatic video embedding prevented by plugin options. --><br \/>\nThese are the main topics on which the Collaborating Centre works.<\/p>\n<p><img loading=\"lazy\" decoding=\"async\" class=\"wp-image-8051 aligncenter\" src=\"https:\/\/whoccworkforce.ihmt.unl.pt\/wp-content\/uploads\/sites\/3\/2024\/02\/THEMES.png\" alt=\"\" width=\"679\" height=\"382\" srcset=\"https:\/\/whoccworkforce.ihmt.unl.pt\/wp-content\/uploads\/sites\/3\/2024\/02\/THEMES.png 1920w, https:\/\/whoccworkforce.ihmt.unl.pt\/wp-content\/uploads\/sites\/3\/2024\/02\/THEMES-300x169.png 300w, https:\/\/whoccworkforce.ihmt.unl.pt\/wp-content\/uploads\/sites\/3\/2024\/02\/THEMES-1024x576.png 1024w, https:\/\/whoccworkforce.ihmt.unl.pt\/wp-content\/uploads\/sites\/3\/2024\/02\/THEMES-768x432.png 768w, https:\/\/whoccworkforce.ihmt.unl.pt\/wp-content\/uploads\/sites\/3\/2024\/02\/THEMES-1536x864.png 1536w, https:\/\/whoccworkforce.ihmt.unl.pt\/wp-content\/uploads\/sites\/3\/2024\/02\/THEMES-18x10.png 18w, https:\/\/whoccworkforce.ihmt.unl.pt\/wp-content\/uploads\/sites\/3\/2024\/02\/THEMES-358x200.png 358w\" sizes=\"auto, (max-width: 679px) 100vw, 679px\" \/><\/p>\n<p style=\"text-align: center\">Picture 1 - The Collaborating Themes<\/p>\n<p><strong>Strategic Planning<\/strong><\/p>\n<p>Fostering the attraction, retention and distribution of talent in health services through collaborative models of inter-, intra- and multi-professional work, ensuring the health and well-being of the workforce in working conditions that promote satisfaction, motivation and the involvement of professionals in decision-making.<\/p>\n<p><strong>Labour Market Analysis<\/strong><\/p>\n<p>Balance between entries and exits, taking into account the dynamics of the education sector and labor market demand, the attractiveness of professional careers, the competitiveness of public and private employers, the global market, the maintenance and relocation of the workplace, reasons for leaving work due to change of profession, retirement or migration, and inequalities in access to and progression in the profession.<\/p>\n<p><strong>Prospective Planning and Forecasting<\/strong><\/p>\n<p>Forecasting the need for human resources over the years using criteria of availability, accessibility, acceptability and quality.<\/p>\n<p><strong>E-health, AI and Information Systems<\/strong><\/p>\n<p>Analysis of the impact of digital and technological developments on innovation and the quality of work of health professionals (Robotics, 5G, IoT, Artificial Intelligence, Digital Transformation, Hybrid Realities, etc.).<\/p>\n<p><strong>Quality and Innovation<\/strong><\/p>\n<p>Evaluation of quality and innovation in the training of health professionals and safety in health care practice<\/p>\n<p><strong>One Health<\/strong><\/p>\n<p>Unified approach that balances and enhances the health of people, animals and the environment and assesses public health impacts.<\/p>\n<p><strong>Public Health Emergencies<\/strong><\/p>\n<p>Monitoring the work carried out by human resources in conflict zones, humanitarian aid, outbreaks and in preventing events that weaken the robustness of health systems.<\/p>","protected":false},"excerpt":{"rendered":"<p>Estes s\u00e3o os principais temas sobre os quais o Centro Colaborador exerce\u00a0 a sua atividade. Fig. 1 Os Temas do Centro Colaborador Planeamento Estrat\u00e9gico Fomento da atra\u00e7\u00e3o, reten\u00e7\u00e3o e distribui\u00e7\u00e3o de talento nos v\u00e1rios servi\u00e7os de sa\u00fade atrav\u00e9s de modelos colaborativos de trabalho inter, intra e multi profissional, assegurando a sa\u00fade e bem-estar da for\u00e7a [&hellip;]<br \/><a class=\"more-link\" href=\"https:\/\/whoccworkforce.ihmt.unl.pt\/en\/temas\/\" title=\"Temas\">Read More<\/a><\/p>\n","protected":false},"author":54,"featured_media":0,"parent":0,"menu_order":0,"comment_status":"closed","ping_status":"closed","template":"","meta":{"_acf_changed":false,"_monsterinsights_skip_tracking":false,"_monsterinsights_sitenote_active":false,"_monsterinsights_sitenote_note":"","_monsterinsights_sitenote_category":0,"_genesis_hide_title":false,"_genesis_hide_breadcrumbs":false,"_genesis_hide_singular_image":false,"_genesis_hide_footer_widgets":false,"_genesis_custom_body_class":"","_genesis_custom_post_class":"","_genesis_layout":"","footnotes":""},"class_list":{"0":"post-7947","1":"page","2":"type-page","3":"status-publish","5":"entry","6":"has-post-thumbnail","7":"gs-1","8":"gs-odd","9":"gs-even","10":"gs-featured-content-entry"},"acf":[],"yoast_head":"<!-- This site is optimized with the Yoast SEO plugin v27.2 - https:\/\/yoast.com\/product\/yoast-seo-wordpress\/ -->\n<title>Temas - WHOCC<\/title>\n<meta name=\"robots\" content=\"index, follow, max-snippet:-1, max-image-preview:large, max-video-preview:-1\" \/>\n<link rel=\"canonical\" href=\"https:\/\/whoccworkforce.ihmt.unl.pt\/en\/temas\/\" \/>\n<meta property=\"og:locale\" content=\"en_GB\" \/>\n<meta property=\"og:type\" content=\"article\" \/>\n<meta property=\"og:title\" content=\"Temas - WHOCC\" \/>\n<meta property=\"og:description\" content=\"Estes s\u00e3o os principais temas sobre os quais o Centro Colaborador exerce\u00a0 a sua atividade. Fig. 1 Os Temas do Centro Colaborador Planeamento Estrat\u00e9gico Fomento da atra\u00e7\u00e3o, reten\u00e7\u00e3o e distribui\u00e7\u00e3o de talento nos v\u00e1rios servi\u00e7os de sa\u00fade atrav\u00e9s de modelos colaborativos de trabalho inter, intra e multi profissional, assegurando a sa\u00fade e bem-estar da for\u00e7a [&hellip;]Read More\" \/>\n<meta property=\"og:url\" content=\"https:\/\/whoccworkforce.ihmt.unl.pt\/en\/temas\/\" \/>\n<meta property=\"og:site_name\" content=\"WHOCC\" \/>\n<meta property=\"article:modified_time\" content=\"2024-01-29T19:02:44+00:00\" \/>\n<meta property=\"og:image\" content=\"https:\/\/whoccworkforce.ihmt.unl.pt\/wp-content\/uploads\/sites\/3\/2024\/01\/Esquema-Temas-1-300x169.png\" \/>\n<meta name=\"twitter:card\" content=\"summary_large_image\" \/>\n<meta name=\"twitter:label1\" content=\"Est. reading time\" \/>\n\t<meta name=\"twitter:data1\" content=\"2 minutes\" \/>\n<script type=\"application\/ld+json\" class=\"yoast-schema-graph\">{\"@context\":\"https:\/\/schema.org\",\"@graph\":[{\"@type\":\"WebPage\",\"@id\":\"https:\/\/whoccworkforce.ihmt.unl.pt\/temas\/\",\"url\":\"https:\/\/whoccworkforce.ihmt.unl.pt\/temas\/\",\"name\":\"Temas - WHOCC\",\"isPartOf\":{\"@id\":\"https:\/\/whoccworkforce.ihmt.unl.pt\/#website\"},\"primaryImageOfPage\":{\"@id\":\"https:\/\/whoccworkforce.ihmt.unl.pt\/temas\/#primaryimage\"},\"image\":{\"@id\":\"https:\/\/whoccworkforce.ihmt.unl.pt\/temas\/#primaryimage\"},\"thumbnailUrl\":\"https:\/\/whoccworkforce.ihmt.unl.pt\/wp-content\/uploads\/sites\/3\/2024\/01\/Esquema-Temas-1-300x169.png\",\"datePublished\":\"2024-01-17T11:00:29+00:00\",\"dateModified\":\"2024-01-29T19:02:44+00:00\",\"breadcrumb\":{\"@id\":\"https:\/\/whoccworkforce.ihmt.unl.pt\/temas\/#breadcrumb\"},\"inLanguage\":\"en-GB\",\"potentialAction\":[{\"@type\":\"ReadAction\",\"target\":[\"https:\/\/whoccworkforce.ihmt.unl.pt\/temas\/\"]}]},{\"@type\":\"ImageObject\",\"inLanguage\":\"en-GB\",\"@id\":\"https:\/\/whoccworkforce.ihmt.unl.pt\/temas\/#primaryimage\",\"url\":\"https:\/\/whoccworkforce.ihmt.unl.pt\/wp-content\/uploads\/sites\/3\/2024\/01\/Esquema-Temas-1-300x169.png\",\"contentUrl\":\"https:\/\/whoccworkforce.ihmt.unl.pt\/wp-content\/uploads\/sites\/3\/2024\/01\/Esquema-Temas-1-300x169.png\"},{\"@type\":\"BreadcrumbList\",\"@id\":\"https:\/\/whoccworkforce.ihmt.unl.pt\/temas\/#breadcrumb\",\"itemListElement\":[{\"@type\":\"ListItem\",\"position\":1,\"name\":\"In\u00edcio\",\"item\":\"https:\/\/whoccworkforce.ihmt.unl.pt\/\"},{\"@type\":\"ListItem\",\"position\":2,\"name\":\"Temas\"}]},{\"@type\":\"WebSite\",\"@id\":\"https:\/\/whoccworkforce.ihmt.unl.pt\/#website\",\"url\":\"https:\/\/whoccworkforce.ihmt.unl.pt\/\",\"name\":\"WHOCC\",\"description\":\"WHO Colaborating Center\",\"potentialAction\":[{\"@type\":\"SearchAction\",\"target\":{\"@type\":\"EntryPoint\",\"urlTemplate\":\"https:\/\/whoccworkforce.ihmt.unl.pt\/?s={search_term_string}\"},\"query-input\":{\"@type\":\"PropertyValueSpecification\",\"valueRequired\":true,\"valueName\":\"search_term_string\"}}],\"inLanguage\":\"en-GB\"}]}<\/script>\n<!-- \/ Yoast SEO plugin. -->","yoast_head_json":{"title":"Temas - WHOCC","robots":{"index":"index","follow":"follow","max-snippet":"max-snippet:-1","max-image-preview":"max-image-preview:large","max-video-preview":"max-video-preview:-1"},"canonical":"https:\/\/whoccworkforce.ihmt.unl.pt\/en\/temas\/","og_locale":"en_GB","og_type":"article","og_title":"Temas - WHOCC","og_description":"Estes s\u00e3o os principais temas sobre os quais o Centro Colaborador exerce\u00a0 a sua atividade. Fig. 1 Os Temas do Centro Colaborador Planeamento Estrat\u00e9gico Fomento da atra\u00e7\u00e3o, reten\u00e7\u00e3o e distribui\u00e7\u00e3o de talento nos v\u00e1rios servi\u00e7os de sa\u00fade atrav\u00e9s de modelos colaborativos de trabalho inter, intra e multi profissional, assegurando a sa\u00fade e bem-estar da for\u00e7a [&hellip;]Read More","og_url":"https:\/\/whoccworkforce.ihmt.unl.pt\/en\/temas\/","og_site_name":"WHOCC","article_modified_time":"2024-01-29T19:02:44+00:00","og_image":[{"url":"https:\/\/whoccworkforce.ihmt.unl.pt\/wp-content\/uploads\/sites\/3\/2024\/01\/Esquema-Temas-1-300x169.png","type":"","width":"","height":""}],"twitter_card":"summary_large_image","twitter_misc":{"Est. reading time":"2 minutes"},"schema":{"@context":"https:\/\/schema.org","@graph":[{"@type":"WebPage","@id":"https:\/\/whoccworkforce.ihmt.unl.pt\/temas\/","url":"https:\/\/whoccworkforce.ihmt.unl.pt\/temas\/","name":"Temas - WHOCC","isPartOf":{"@id":"https:\/\/whoccworkforce.ihmt.unl.pt\/#website"},"primaryImageOfPage":{"@id":"https:\/\/whoccworkforce.ihmt.unl.pt\/temas\/#primaryimage"},"image":{"@id":"https:\/\/whoccworkforce.ihmt.unl.pt\/temas\/#primaryimage"},"thumbnailUrl":"https:\/\/whoccworkforce.ihmt.unl.pt\/wp-content\/uploads\/sites\/3\/2024\/01\/Esquema-Temas-1-300x169.png","datePublished":"2024-01-17T11:00:29+00:00","dateModified":"2024-01-29T19:02:44+00:00","breadcrumb":{"@id":"https:\/\/whoccworkforce.ihmt.unl.pt\/temas\/#breadcrumb"},"inLanguage":"en-GB","potentialAction":[{"@type":"ReadAction","target":["https:\/\/whoccworkforce.ihmt.unl.pt\/temas\/"]}]},{"@type":"ImageObject","inLanguage":"en-GB","@id":"https:\/\/whoccworkforce.ihmt.unl.pt\/temas\/#primaryimage","url":"https:\/\/whoccworkforce.ihmt.unl.pt\/wp-content\/uploads\/sites\/3\/2024\/01\/Esquema-Temas-1-300x169.png","contentUrl":"https:\/\/whoccworkforce.ihmt.unl.pt\/wp-content\/uploads\/sites\/3\/2024\/01\/Esquema-Temas-1-300x169.png"},{"@type":"BreadcrumbList","@id":"https:\/\/whoccworkforce.ihmt.unl.pt\/temas\/#breadcrumb","itemListElement":[{"@type":"ListItem","position":1,"name":"In\u00edcio","item":"https:\/\/whoccworkforce.ihmt.unl.pt\/"},{"@type":"ListItem","position":2,"name":"Temas"}]},{"@type":"WebSite","@id":"https:\/\/whoccworkforce.ihmt.unl.pt\/#website","url":"https:\/\/whoccworkforce.ihmt.unl.pt\/","name":"WHOCC","description":"WHO Colaborating Center","potentialAction":[{"@type":"SearchAction","target":{"@type":"EntryPoint","urlTemplate":"https:\/\/whoccworkforce.ihmt.unl.pt\/?s={search_term_string}"},"query-input":{"@type":"PropertyValueSpecification","valueRequired":true,"valueName":"search_term_string"}}],"inLanguage":"en-GB"}]}},"jetpack_sharing_enabled":true,"_links":{"self":[{"href":"https:\/\/whoccworkforce.ihmt.unl.pt\/en\/wp-json\/wp\/v2\/pages\/7947","targetHints":{"allow":["GET"]}}],"collection":[{"href":"https:\/\/whoccworkforce.ihmt.unl.pt\/en\/wp-json\/wp\/v2\/pages"}],"about":[{"href":"https:\/\/whoccworkforce.ihmt.unl.pt\/en\/wp-json\/wp\/v2\/types\/page"}],"author":[{"embeddable":true,"href":"https:\/\/whoccworkforce.ihmt.unl.pt\/en\/wp-json\/wp\/v2\/users\/54"}],"replies":[{"embeddable":true,"href":"https:\/\/whoccworkforce.ihmt.unl.pt\/en\/wp-json\/wp\/v2\/comments?post=7947"}],"version-history":[{"count":0,"href":"https:\/\/whoccworkforce.ihmt.unl.pt\/en\/wp-json\/wp\/v2\/pages\/7947\/revisions"}],"wp:attachment":[{"href":"https:\/\/whoccworkforce.ihmt.unl.pt\/en\/wp-json\/wp\/v2\/media?parent=7947"}],"curies":[{"name":"wp","href":"https:\/\/api.w.org\/{rel}","templated":true}]}}