{"id":8021,"date":"2024-01-22T18:04:19","date_gmt":"2024-01-22T18:04:19","guid":{"rendered":"https:\/\/whoccworkforce.ihmt.unl.pt\/?page_id=8021"},"modified":"2024-01-29T18:25:30","modified_gmt":"2024-01-29T18:25:30","slug":"portfolio","status":"publish","type":"page","link":"https:\/\/whoccworkforce.ihmt.unl.pt\/en\/portfolio\/","title":{"rendered":"Portfolio"},"content":{"rendered":"<p><!-- VideographyWP Plugin Message: Automatic video embedding prevented by plugin options. --><br \/>\n<b>Policies and Planning<\/b><\/p>\n<p><img loading=\"lazy\" decoding=\"async\" class=\"wp-image-8019 aligncenter\" src=\"https:\/\/whoccworkforce.ihmt.unl.pt\/wp-content\/uploads\/sites\/3\/2024\/01\/Portfolio_pplaneamento-300x154.png\" alt=\"\" width=\"687\" height=\"353\" srcset=\"https:\/\/whoccworkforce.ihmt.unl.pt\/wp-content\/uploads\/sites\/3\/2024\/01\/Portfolio_pplaneamento-300x154.png 300w, https:\/\/whoccworkforce.ihmt.unl.pt\/wp-content\/uploads\/sites\/3\/2024\/01\/Portfolio_pplaneamento-1024x524.png 1024w, https:\/\/whoccworkforce.ihmt.unl.pt\/wp-content\/uploads\/sites\/3\/2024\/01\/Portfolio_pplaneamento-768x393.png 768w, https:\/\/whoccworkforce.ihmt.unl.pt\/wp-content\/uploads\/sites\/3\/2024\/01\/Portfolio_pplaneamento-1536x786.png 1536w, https:\/\/whoccworkforce.ihmt.unl.pt\/wp-content\/uploads\/sites\/3\/2024\/01\/Portfolio_pplaneamento-2048x1048.png 2048w\" sizes=\"auto, (max-width: 687px) 100vw, 687px\" \/><\/p>\n<p><strong>Education and Training<\/strong><\/p>\n<p><img loading=\"lazy\" decoding=\"async\" class=\"wp-image-8016 aligncenter\" src=\"https:\/\/whoccworkforce.ihmt.unl.pt\/wp-content\/uploads\/sites\/3\/2024\/01\/Educao-e-formacao-300x166.png\" alt=\"\" width=\"499\" height=\"276\" srcset=\"https:\/\/whoccworkforce.ihmt.unl.pt\/wp-content\/uploads\/sites\/3\/2024\/01\/Educao-e-formacao-300x166.png 300w, https:\/\/whoccworkforce.ihmt.unl.pt\/wp-content\/uploads\/sites\/3\/2024\/01\/Educao-e-formacao-768x426.png 768w, https:\/\/whoccworkforce.ihmt.unl.pt\/wp-content\/uploads\/sites\/3\/2024\/01\/Educao-e-formacao.png 1014w\" sizes=\"auto, (max-width: 499px) 100vw, 499px\" \/><\/p>\n<p style=\"text-align: center\">Picture 1 - 1st Specialization Course in Public Health in Guinea-Bissau (2021-2023) \u2013 25 trained doctors<\/p>\n<p>With the support of:<\/p>\n<p><img loading=\"lazy\" decoding=\"async\" class=\"wp-image-8020 aligncenter\" src=\"https:\/\/whoccworkforce.ihmt.unl.pt\/wp-content\/uploads\/sites\/3\/2024\/01\/quatro-logos_parceiros-300x189.png\" alt=\"\" width=\"359\" height=\"226\" srcset=\"https:\/\/whoccworkforce.ihmt.unl.pt\/wp-content\/uploads\/sites\/3\/2024\/01\/quatro-logos_parceiros-300x189.png 300w, https:\/\/whoccworkforce.ihmt.unl.pt\/wp-content\/uploads\/sites\/3\/2024\/01\/quatro-logos_parceiros.png 687w\" sizes=\"auto, (max-width: 359px) 100vw, 359px\" \/><\/p>\n<p>&nbsp;<\/p>\n<p>&nbsp;<\/p>\n<p><img loading=\"lazy\" decoding=\"async\" class=\"wp-image-8014 aligncenter\" src=\"https:\/\/whoccworkforce.ihmt.unl.pt\/wp-content\/uploads\/sites\/3\/2024\/01\/Educacao-e-Formacao_v2-300x200.png\" alt=\"\" width=\"506\" height=\"337\" srcset=\"https:\/\/whoccworkforce.ihmt.unl.pt\/wp-content\/uploads\/sites\/3\/2024\/01\/Educacao-e-Formacao_v2-300x200.png 300w, https:\/\/whoccworkforce.ihmt.unl.pt\/wp-content\/uploads\/sites\/3\/2024\/01\/Educacao-e-Formacao_v2-768x512.png 768w, https:\/\/whoccworkforce.ihmt.unl.pt\/wp-content\/uploads\/sites\/3\/2024\/01\/Educacao-e-Formacao_v2.png 924w\" sizes=\"auto, (max-width: 506px) 100vw, 506px\" \/><\/p>\n<p style=\"text-align: center\">Picture 2 - 1st Executive Master in Health Management in Angola (2023) \u2013 40 trained health managers<\/p>\n<p>With the support of:<\/p>\n<p><img loading=\"lazy\" decoding=\"async\" class=\"wp-image-8043 aligncenter\" src=\"https:\/\/whoccworkforce.ihmt.unl.pt\/wp-content\/uploads\/sites\/3\/2024\/01\/Apoios_Angola-300x247.png\" alt=\"\" width=\"378\" height=\"311\" srcset=\"https:\/\/whoccworkforce.ihmt.unl.pt\/wp-content\/uploads\/sites\/3\/2024\/01\/Apoios_Angola-300x247.png 300w, https:\/\/whoccworkforce.ihmt.unl.pt\/wp-content\/uploads\/sites\/3\/2024\/01\/Apoios_Angola.png 764w\" sizes=\"auto, (max-width: 378px) 100vw, 378px\" \/><\/p>\n<p>&nbsp;<\/p>\n<p>&nbsp;<\/p>\n<p><img loading=\"lazy\" decoding=\"async\" class=\"wp-image-8015 aligncenter\" src=\"https:\/\/whoccworkforce.ihmt.unl.pt\/wp-content\/uploads\/sites\/3\/2024\/01\/Educacao-e-Formacao_v3-300x144.png\" alt=\"\" width=\"588\" height=\"282\" srcset=\"https:\/\/whoccworkforce.ihmt.unl.pt\/wp-content\/uploads\/sites\/3\/2024\/01\/Educacao-e-Formacao_v3-300x144.png 300w, https:\/\/whoccworkforce.ihmt.unl.pt\/wp-content\/uploads\/sites\/3\/2024\/01\/Educacao-e-Formacao_v3-768x368.png 768w, https:\/\/whoccworkforce.ihmt.unl.pt\/wp-content\/uploads\/sites\/3\/2024\/01\/Educacao-e-Formacao_v3.png 1012w\" sizes=\"auto, (max-width: 588px) 100vw, 588px\" \/><\/p>\n<p style=\"text-align: center\">Picture 3.  1st Advanced Management Programme for Clinical Directors and Hospital Medical Managers course  in Guinea-Bissau (2022) &gt; 24 trained clinical directors\/health managers<\/p>\n<p>With the support of:<\/p>\n<p><img loading=\"lazy\" decoding=\"async\" class=\"wp-image-8020 aligncenter\" src=\"https:\/\/whoccworkforce.ihmt.unl.pt\/wp-content\/uploads\/sites\/3\/2024\/01\/quatro-logos_parceiros-300x189.png\" alt=\"\" width=\"340\" height=\"214\" srcset=\"https:\/\/whoccworkforce.ihmt.unl.pt\/wp-content\/uploads\/sites\/3\/2024\/01\/quatro-logos_parceiros-300x189.png 300w, https:\/\/whoccworkforce.ihmt.unl.pt\/wp-content\/uploads\/sites\/3\/2024\/01\/quatro-logos_parceiros.png 687w\" sizes=\"auto, (max-width: 340px) 100vw, 340px\" \/><\/p>\n<p>&nbsp;<\/p>\n<p><strong>Research and Evidence<\/strong><\/p>\n<p><img loading=\"lazy\" decoding=\"async\" class=\"wp-image-8018 aligncenter\" src=\"https:\/\/whoccworkforce.ihmt.unl.pt\/wp-content\/uploads\/sites\/3\/2024\/01\/Investigacao-e-evidencias-300x147.png\" alt=\"\" width=\"622\" height=\"305\" srcset=\"https:\/\/whoccworkforce.ihmt.unl.pt\/wp-content\/uploads\/sites\/3\/2024\/01\/Investigacao-e-evidencias-300x147.png 300w, https:\/\/whoccworkforce.ihmt.unl.pt\/wp-content\/uploads\/sites\/3\/2024\/01\/Investigacao-e-evidencias-1024x501.png 1024w, https:\/\/whoccworkforce.ihmt.unl.pt\/wp-content\/uploads\/sites\/3\/2024\/01\/Investigacao-e-evidencias-768x376.png 768w, https:\/\/whoccworkforce.ihmt.unl.pt\/wp-content\/uploads\/sites\/3\/2024\/01\/Investigacao-e-evidencias-1536x751.png 1536w, https:\/\/whoccworkforce.ihmt.unl.pt\/wp-content\/uploads\/sites\/3\/2024\/01\/Investigacao-e-evidencias.png 1758w\" sizes=\"auto, (max-width: 622px) 100vw, 622px\" \/><\/p>\n<p>&nbsp;<\/p>\n<p><img loading=\"lazy\" decoding=\"async\" class=\"wp-image-8017 aligncenter\" src=\"https:\/\/whoccworkforce.ihmt.unl.pt\/wp-content\/uploads\/sites\/3\/2024\/01\/Investigacao-e-Evidencias_v2-300x134.png\" alt=\"\" width=\"698\" height=\"312\" srcset=\"https:\/\/whoccworkforce.ihmt.unl.pt\/wp-content\/uploads\/sites\/3\/2024\/01\/Investigacao-e-Evidencias_v2-300x134.png 300w, https:\/\/whoccworkforce.ihmt.unl.pt\/wp-content\/uploads\/sites\/3\/2024\/01\/Investigacao-e-Evidencias_v2-1024x457.png 1024w, https:\/\/whoccworkforce.ihmt.unl.pt\/wp-content\/uploads\/sites\/3\/2024\/01\/Investigacao-e-Evidencias_v2-768x343.png 768w, https:\/\/whoccworkforce.ihmt.unl.pt\/wp-content\/uploads\/sites\/3\/2024\/01\/Investigacao-e-Evidencias_v2.png 1516w\" sizes=\"auto, (max-width: 698px) 100vw, 698px\" \/><\/p>\n<p>&nbsp;<\/p>","protected":false},"excerpt":{"rendered":"<p>Pol\u00edticas e Planeamento Educa\u00e7\u00e3o e Forma\u00e7\u00e3o Fig. 1st Specialization Course in Public Health in Guinea-Bissau (2021-2023) &#8211; 25 trained doctors Com apoio de: &nbsp; &nbsp; Fig. 1st Executive Master in Health Management in Angola (2023) &#8211; 40 trained health managers Com apoio de: &nbsp; &nbsp; Fig. 1st Advanced Management Programme for Clinical Directors and Hospital [&hellip;]<br \/><a class=\"more-link\" href=\"https:\/\/whoccworkforce.ihmt.unl.pt\/en\/portfolio\/\" title=\"Portf\u00f3lio\">Read More<\/a><\/p>\n","protected":false},"author":54,"featured_media":0,"parent":0,"menu_order":0,"comment_status":"closed","ping_status":"closed","template":"","meta":{"_acf_changed":false,"_monsterinsights_skip_tracking":false,"_monsterinsights_sitenote_active":false,"_monsterinsights_sitenote_note":"","_monsterinsights_sitenote_category":0,"_genesis_hide_title":false,"_genesis_hide_breadcrumbs":false,"_genesis_hide_singular_image":false,"_genesis_hide_footer_widgets":false,"_genesis_custom_body_class":"","_genesis_custom_post_class":"","_genesis_layout":"","footnotes":""},"class_list":{"0":"post-8021","1":"page","2":"type-page","3":"status-publish","5":"entry","6":"has-post-thumbnail","7":"gs-1","8":"gs-odd","9":"gs-even","10":"gs-featured-content-entry"},"acf":[],"yoast_head":"<!-- This site is optimized with the Yoast SEO plugin v27.2 - https:\/\/yoast.com\/product\/yoast-seo-wordpress\/ -->\n<title>Portf\u00f3lio - WHOCC<\/title>\n<meta name=\"robots\" content=\"index, follow, max-snippet:-1, max-image-preview:large, max-video-preview:-1\" \/>\n<link rel=\"canonical\" href=\"https:\/\/whoccworkforce.ihmt.unl.pt\/en\/portfolio\/\" \/>\n<meta property=\"og:locale\" content=\"en_GB\" \/>\n<meta property=\"og:type\" content=\"article\" \/>\n<meta property=\"og:title\" content=\"Portf\u00f3lio - WHOCC\" \/>\n<meta property=\"og:description\" content=\"Pol\u00edticas e Planeamento Educa\u00e7\u00e3o e Forma\u00e7\u00e3o Fig. 1st Specialization Course in Public Health in Guinea-Bissau (2021-2023) &#8211; 25 trained doctors Com apoio de: &nbsp; &nbsp; Fig. 1st Executive Master in Health Management in Angola (2023) &#8211; 40 trained health managers Com apoio de: &nbsp; &nbsp; Fig. 1st Advanced Management Programme for Clinical Directors and Hospital [&hellip;]Read More\" \/>\n<meta property=\"og:url\" content=\"https:\/\/whoccworkforce.ihmt.unl.pt\/en\/portfolio\/\" \/>\n<meta property=\"og:site_name\" content=\"WHOCC\" \/>\n<meta property=\"article:modified_time\" content=\"2024-01-29T18:25:30+00:00\" \/>\n<meta property=\"og:image\" content=\"https:\/\/whoccworkforce.ihmt.unl.pt\/wp-content\/uploads\/sites\/3\/2024\/01\/Portfolio_pplaneamento-300x154.png\" \/>\n<meta name=\"twitter:card\" content=\"summary_large_image\" \/>\n<meta name=\"twitter:label1\" content=\"Est. reading time\" \/>\n\t<meta name=\"twitter:data1\" content=\"3 minutes\" \/>\n<script type=\"application\/ld+json\" class=\"yoast-schema-graph\">{\"@context\":\"https:\/\/schema.org\",\"@graph\":[{\"@type\":\"WebPage\",\"@id\":\"https:\/\/whoccworkforce.ihmt.unl.pt\/portfolio\/\",\"url\":\"https:\/\/whoccworkforce.ihmt.unl.pt\/portfolio\/\",\"name\":\"Portf\u00f3lio - WHOCC\",\"isPartOf\":{\"@id\":\"https:\/\/whoccworkforce.ihmt.unl.pt\/#website\"},\"primaryImageOfPage\":{\"@id\":\"https:\/\/whoccworkforce.ihmt.unl.pt\/portfolio\/#primaryimage\"},\"image\":{\"@id\":\"https:\/\/whoccworkforce.ihmt.unl.pt\/portfolio\/#primaryimage\"},\"thumbnailUrl\":\"https:\/\/whoccworkforce.ihmt.unl.pt\/wp-content\/uploads\/sites\/3\/2024\/01\/Portfolio_pplaneamento-300x154.png\",\"datePublished\":\"2024-01-22T18:04:19+00:00\",\"dateModified\":\"2024-01-29T18:25:30+00:00\",\"breadcrumb\":{\"@id\":\"https:\/\/whoccworkforce.ihmt.unl.pt\/portfolio\/#breadcrumb\"},\"inLanguage\":\"en-GB\",\"potentialAction\":[{\"@type\":\"ReadAction\",\"target\":[\"https:\/\/whoccworkforce.ihmt.unl.pt\/portfolio\/\"]}]},{\"@type\":\"ImageObject\",\"inLanguage\":\"en-GB\",\"@id\":\"https:\/\/whoccworkforce.ihmt.unl.pt\/portfolio\/#primaryimage\",\"url\":\"https:\/\/whoccworkforce.ihmt.unl.pt\/wp-content\/uploads\/sites\/3\/2024\/01\/Portfolio_pplaneamento-300x154.png\",\"contentUrl\":\"https:\/\/whoccworkforce.ihmt.unl.pt\/wp-content\/uploads\/sites\/3\/2024\/01\/Portfolio_pplaneamento-300x154.png\"},{\"@type\":\"BreadcrumbList\",\"@id\":\"https:\/\/whoccworkforce.ihmt.unl.pt\/portfolio\/#breadcrumb\",\"itemListElement\":[{\"@type\":\"ListItem\",\"position\":1,\"name\":\"In\u00edcio\",\"item\":\"https:\/\/whoccworkforce.ihmt.unl.pt\/\"},{\"@type\":\"ListItem\",\"position\":2,\"name\":\"Portf\u00f3lio\"}]},{\"@type\":\"WebSite\",\"@id\":\"https:\/\/whoccworkforce.ihmt.unl.pt\/#website\",\"url\":\"https:\/\/whoccworkforce.ihmt.unl.pt\/\",\"name\":\"WHOCC\",\"description\":\"WHO Colaborating Center\",\"potentialAction\":[{\"@type\":\"SearchAction\",\"target\":{\"@type\":\"EntryPoint\",\"urlTemplate\":\"https:\/\/whoccworkforce.ihmt.unl.pt\/?s={search_term_string}\"},\"query-input\":{\"@type\":\"PropertyValueSpecification\",\"valueRequired\":true,\"valueName\":\"search_term_string\"}}],\"inLanguage\":\"en-GB\"}]}<\/script>\n<!-- \/ Yoast SEO plugin. -->","yoast_head_json":{"title":"Portf\u00f3lio - WHOCC","robots":{"index":"index","follow":"follow","max-snippet":"max-snippet:-1","max-image-preview":"max-image-preview:large","max-video-preview":"max-video-preview:-1"},"canonical":"https:\/\/whoccworkforce.ihmt.unl.pt\/en\/portfolio\/","og_locale":"en_GB","og_type":"article","og_title":"Portf\u00f3lio - WHOCC","og_description":"Pol\u00edticas e Planeamento Educa\u00e7\u00e3o e Forma\u00e7\u00e3o Fig. 1st Specialization Course in Public Health in Guinea-Bissau (2021-2023) &#8211; 25 trained doctors Com apoio de: &nbsp; &nbsp; Fig. 1st Executive Master in Health Management in Angola (2023) &#8211; 40 trained health managers Com apoio de: &nbsp; &nbsp; Fig. 1st Advanced Management Programme for Clinical Directors and Hospital [&hellip;]Read More","og_url":"https:\/\/whoccworkforce.ihmt.unl.pt\/en\/portfolio\/","og_site_name":"WHOCC","article_modified_time":"2024-01-29T18:25:30+00:00","og_image":[{"url":"https:\/\/whoccworkforce.ihmt.unl.pt\/wp-content\/uploads\/sites\/3\/2024\/01\/Portfolio_pplaneamento-300x154.png","type":"","width":"","height":""}],"twitter_card":"summary_large_image","twitter_misc":{"Est. reading time":"3 minutes"},"schema":{"@context":"https:\/\/schema.org","@graph":[{"@type":"WebPage","@id":"https:\/\/whoccworkforce.ihmt.unl.pt\/portfolio\/","url":"https:\/\/whoccworkforce.ihmt.unl.pt\/portfolio\/","name":"Portf\u00f3lio - WHOCC","isPartOf":{"@id":"https:\/\/whoccworkforce.ihmt.unl.pt\/#website"},"primaryImageOfPage":{"@id":"https:\/\/whoccworkforce.ihmt.unl.pt\/portfolio\/#primaryimage"},"image":{"@id":"https:\/\/whoccworkforce.ihmt.unl.pt\/portfolio\/#primaryimage"},"thumbnailUrl":"https:\/\/whoccworkforce.ihmt.unl.pt\/wp-content\/uploads\/sites\/3\/2024\/01\/Portfolio_pplaneamento-300x154.png","datePublished":"2024-01-22T18:04:19+00:00","dateModified":"2024-01-29T18:25:30+00:00","breadcrumb":{"@id":"https:\/\/whoccworkforce.ihmt.unl.pt\/portfolio\/#breadcrumb"},"inLanguage":"en-GB","potentialAction":[{"@type":"ReadAction","target":["https:\/\/whoccworkforce.ihmt.unl.pt\/portfolio\/"]}]},{"@type":"ImageObject","inLanguage":"en-GB","@id":"https:\/\/whoccworkforce.ihmt.unl.pt\/portfolio\/#primaryimage","url":"https:\/\/whoccworkforce.ihmt.unl.pt\/wp-content\/uploads\/sites\/3\/2024\/01\/Portfolio_pplaneamento-300x154.png","contentUrl":"https:\/\/whoccworkforce.ihmt.unl.pt\/wp-content\/uploads\/sites\/3\/2024\/01\/Portfolio_pplaneamento-300x154.png"},{"@type":"BreadcrumbList","@id":"https:\/\/whoccworkforce.ihmt.unl.pt\/portfolio\/#breadcrumb","itemListElement":[{"@type":"ListItem","position":1,"name":"In\u00edcio","item":"https:\/\/whoccworkforce.ihmt.unl.pt\/"},{"@type":"ListItem","position":2,"name":"Portf\u00f3lio"}]},{"@type":"WebSite","@id":"https:\/\/whoccworkforce.ihmt.unl.pt\/#website","url":"https:\/\/whoccworkforce.ihmt.unl.pt\/","name":"WHOCC","description":"WHO Colaborating Center","potentialAction":[{"@type":"SearchAction","target":{"@type":"EntryPoint","urlTemplate":"https:\/\/whoccworkforce.ihmt.unl.pt\/?s={search_term_string}"},"query-input":{"@type":"PropertyValueSpecification","valueRequired":true,"valueName":"search_term_string"}}],"inLanguage":"en-GB"}]}},"jetpack_sharing_enabled":true,"_links":{"self":[{"href":"https:\/\/whoccworkforce.ihmt.unl.pt\/en\/wp-json\/wp\/v2\/pages\/8021","targetHints":{"allow":["GET"]}}],"collection":[{"href":"https:\/\/whoccworkforce.ihmt.unl.pt\/en\/wp-json\/wp\/v2\/pages"}],"about":[{"href":"https:\/\/whoccworkforce.ihmt.unl.pt\/en\/wp-json\/wp\/v2\/types\/page"}],"author":[{"embeddable":true,"href":"https:\/\/whoccworkforce.ihmt.unl.pt\/en\/wp-json\/wp\/v2\/users\/54"}],"replies":[{"embeddable":true,"href":"https:\/\/whoccworkforce.ihmt.unl.pt\/en\/wp-json\/wp\/v2\/comments?post=8021"}],"version-history":[{"count":0,"href":"https:\/\/whoccworkforce.ihmt.unl.pt\/en\/wp-json\/wp\/v2\/pages\/8021\/revisions"}],"wp:attachment":[{"href":"https:\/\/whoccworkforce.ihmt.unl.pt\/en\/wp-json\/wp\/v2\/media?parent=8021"}],"curies":[{"name":"wp","href":"https:\/\/api.w.org\/{rel}","templated":true}]}}